{"id":372,"date":"2018-08-19T13:37:46","date_gmt":"2018-08-19T11:37:46","guid":{"rendered":"http:\/\/www.turbos.cz\/?page_id=372"},"modified":"2018-08-19T13:37:46","modified_gmt":"2018-08-19T11:37:46","slug":"reseni","status":"publish","type":"page","link":"https:\/\/www.turbos.cz\/index.php\/cs\/reseni\/","title":{"rendered":"\u0158e\u0161en\u00ed"},"content":{"rendered":"<header class=\"entry-header\">\n<h1 class=\"entry-title\"><strong style=\"font-size: 16px;\">Spole\u010dnost Turbos<\/strong><span style=\"font-size: 16px;\">\u00a0nab\u00edz\u00ed <\/span><strong style=\"font-size: 16px;\">\u0159e\u0161en\u00ed zejm\u00e9na<\/strong><span style=\"font-size: 16px;\">\u00a0v t\u011bchto oblastech:<\/span><\/h1>\n<p>&nbsp;<\/p>\n<\/header>\n<div id=\"content\">\n<section id=\"focus\">\n<div>\n<div>\n<div data-scrollreveal=\"enter left after 0.15s over 1s\" data-sr-init=\"true\" data-sr-complete=\"true\">\n<ul>\n<li>IT slu\u017eby pro zdravotnictv\u00ed a soci\u00e1ln\u00ed p\u00e9\u010di.<\/li>\n<li>Identifikace osob a majetku pomoc\u00ed \u010d\u00e1rov\u00e9ho k\u00f3du a RFID.<\/li>\n<li>RTLS lokalizace osob a majetku.<\/li>\n<li>Inventarizace majetku a z\u00e1sob.<\/li>\n<\/ul>\n<\/div>\n<\/div>\n<\/div>\n<\/section>\n<\/div>\n","protected":false},"excerpt":{"rendered":"<p>Spole\u010dnost Turbos\u00a0nab\u00edz\u00ed \u0159e\u0161en\u00ed zejm\u00e9na\u00a0v t\u011bchto oblastech: &nbsp; IT slu\u017eby pro zdravotnictv\u00ed a soci\u00e1ln\u00ed p\u00e9\u010di. Identifikace osob a majetku pomoc\u00ed \u010d\u00e1rov\u00e9ho k\u00f3du a RFID. RTLS lokalizace osob a majetku. Inventarizace majetku a z\u00e1sob.<\/p>\n","protected":false},"author":2,"featured_media":0,"parent":0,"menu_order":0,"comment_status":"closed","ping_status":"closed","template":"","meta":{"footnotes":""},"class_list":["post-372","page","type-page","status-publish","hentry"],"_links":{"self":[{"href":"https:\/\/www.turbos.cz\/index.php\/wp-json\/wp\/v2\/pages\/372","targetHints":{"allow":["GET"]}}],"collection":[{"href":"https:\/\/www.turbos.cz\/index.php\/wp-json\/wp\/v2\/pages"}],"about":[{"href":"https:\/\/www.turbos.cz\/index.php\/wp-json\/wp\/v2\/types\/page"}],"author":[{"embeddable":true,"href":"https:\/\/www.turbos.cz\/index.php\/wp-json\/wp\/v2\/users\/2"}],"replies":[{"embeddable":true,"href":"https:\/\/www.turbos.cz\/index.php\/wp-json\/wp\/v2\/comments?post=372"}],"version-history":[{"count":1,"href":"https:\/\/www.turbos.cz\/index.php\/wp-json\/wp\/v2\/pages\/372\/revisions"}],"predecessor-version":[{"id":373,"href":"https:\/\/www.turbos.cz\/index.php\/wp-json\/wp\/v2\/pages\/372\/revisions\/373"}],"wp:attachment":[{"href":"https:\/\/www.turbos.cz\/index.php\/wp-json\/wp\/v2\/media?parent=372"}],"curies":[{"name":"wp","href":"https:\/\/api.w.org\/{rel}","templated":true}]}}