{"id":368,"date":"2018-08-19T13:36:29","date_gmt":"2018-08-19T11:36:29","guid":{"rendered":"http:\/\/www.turbos.cz\/?page_id=368"},"modified":"2018-08-19T13:36:29","modified_gmt":"2018-08-19T11:36:29","slug":"sluzby","status":"publish","type":"page","link":"https:\/\/www.turbos.cz\/index.php\/cs\/sluzby\/","title":{"rendered":"Slu\u017eby"},"content":{"rendered":"<p>Spole\u010dnost <strong>Turbos<\/strong>\u00a0nab\u00edz\u00ed<strong>\u00a0<\/strong><strong>profesion\u00e1ln\u00ed\u00a0slu\u017eby<\/strong> v t\u011bchto oblastech:<\/p>\n<ul style=\"list-style-type: square;\">\n<li>KOMPLETN\u00cd DOD\u00c1VKY PRO MOBILN\u00cd \u0158E\u0160EN\u00cd\n<ul style=\"list-style-type: square;\">\n<li>Anal\u00fdza, n\u00e1vrh architektury \u0159e\u0161en\u00ed<\/li>\n<li>Expertn\u00ed n\u00e1vrhy infratruktury<\/li>\n<li>Aplika\u010dn\u00ed programov\u00e9 vybaven\u00ed<\/li>\n<li>Projektov\u00e9 \u0159\u00edzen\u00ed<\/li>\n<\/ul>\n<\/li>\n<li>PORADENSK\u00c1 \u010cINNOST V OBLASTI BEZDR\u00c1TOV\u00ddCH TECHNOLOGI\u00cd, \u010c\u00c1ROV\u00ddCH K\u00d3D\u016e A RFID<\/li>\n<li>INVENTARIZACE MAJETKU A Z\u00c1SOB<\/li>\n<\/ul>\n","protected":false},"excerpt":{"rendered":"<p>Spole\u010dnost Turbos\u00a0nab\u00edz\u00ed\u00a0profesion\u00e1ln\u00ed\u00a0slu\u017eby v t\u011bchto oblastech: KOMPLETN\u00cd DOD\u00c1VKY PRO MOBILN\u00cd \u0158E\u0160EN\u00cd Anal\u00fdza, n\u00e1vrh architektury \u0159e\u0161en\u00ed Expertn\u00ed n\u00e1vrhy infratruktury Aplika\u010dn\u00ed programov\u00e9 vybaven\u00ed Projektov\u00e9 \u0159\u00edzen\u00ed PORADENSK\u00c1 \u010cINNOST V OBLASTI BEZDR\u00c1TOV\u00ddCH TECHNOLOGI\u00cd, \u010c\u00c1ROV\u00ddCH K\u00d3D\u016e A RFID INVENTARIZACE MAJETKU A Z\u00c1SOB<\/p>\n","protected":false},"author":2,"featured_media":228,"parent":0,"menu_order":0,"comment_status":"closed","ping_status":"closed","template":"","meta":{"footnotes":""},"class_list":["post-368","page","type-page","status-publish","has-post-thumbnail","hentry"],"_links":{"self":[{"href":"https:\/\/www.turbos.cz\/index.php\/wp-json\/wp\/v2\/pages\/368","targetHints":{"allow":["GET"]}}],"collection":[{"href":"https:\/\/www.turbos.cz\/index.php\/wp-json\/wp\/v2\/pages"}],"about":[{"href":"https:\/\/www.turbos.cz\/index.php\/wp-json\/wp\/v2\/types\/page"}],"author":[{"embeddable":true,"href":"https:\/\/www.turbos.cz\/index.php\/wp-json\/wp\/v2\/users\/2"}],"replies":[{"embeddable":true,"href":"https:\/\/www.turbos.cz\/index.php\/wp-json\/wp\/v2\/comments?post=368"}],"version-history":[{"count":1,"href":"https:\/\/www.turbos.cz\/index.php\/wp-json\/wp\/v2\/pages\/368\/revisions"}],"predecessor-version":[{"id":369,"href":"https:\/\/www.turbos.cz\/index.php\/wp-json\/wp\/v2\/pages\/368\/revisions\/369"}],"wp:featuredmedia":[{"embeddable":true,"href":"https:\/\/www.turbos.cz\/index.php\/wp-json\/wp\/v2\/media\/228"}],"wp:attachment":[{"href":"https:\/\/www.turbos.cz\/index.php\/wp-json\/wp\/v2\/media?parent=368"}],"curies":[{"name":"wp","href":"https:\/\/api.w.org\/{rel}","templated":true}]}}